{"id":32,"date":"2021-10-22T14:12:21","date_gmt":"2021-10-22T12:12:21","guid":{"rendered":"http:\/\/crmvt.c18.fr\/marseille\/?page_id=32"},"modified":"2023-06-13T13:34:01","modified_gmt":"2023-06-13T11:34:01","slug":"accueil","status":"publish","type":"page","link":"https:\/\/crmvt.fr\/marseille\/","title":{"rendered":"Accueil"},"content":{"rendered":"","protected":false},"excerpt":{"rendered":"","protected":false},"author":1,"featured_media":0,"parent":0,"menu_order":0,"comment_status":"closed","ping_status":"closed","template":"","meta":[],"yoast_head":"<!-- This site is optimized with the Yoast SEO plugin v18.2 - https:\/\/yoast.com\/wordpress\/plugins\/seo\/ -->\n<title>Centre de R\u00e9f\u00e9rence des Maladies Vectorielles li\u00e9es aux Tiques<\/title>\n<meta name=\"description\" content=\"Prise en charge des maladies vectorielles li\u00e9es aux tiques - CRMVT - Sud - Marseille\" \/>\n<meta name=\"robots\" content=\"index, follow, max-snippet:-1, max-image-preview:large, max-video-preview:-1\" \/>\n<link rel=\"canonical\" href=\"https:\/\/crmvt.fr\/marseille\/\" \/>\n<meta property=\"og:locale\" content=\"fr_FR\" \/>\n<meta property=\"og:type\" content=\"article\" \/>\n<meta property=\"og:title\" content=\"Centre de R\u00e9f\u00e9rence des Maladies Vectorielles li\u00e9es aux Tiques\" \/>\n<meta property=\"og:description\" content=\"Prise en charge des maladies vectorielles li\u00e9es aux tiques - CRMVT - Sud - Marseille\" \/>\n<meta property=\"og:url\" content=\"https:\/\/crmvt.fr\/marseille\/\" \/>\n<meta property=\"og:site_name\" content=\"CRMVT Sud\" \/>\n<meta property=\"article:modified_time\" content=\"2023-06-13T11:34:01+00:00\" \/>\n<meta name=\"twitter:card\" content=\"summary_large_image\" \/>\n<script type=\"application\/ld+json\" class=\"yoast-schema-graph\">{\"@context\":\"https:\/\/schema.org\",\"@graph\":[{\"@type\":\"WebSite\",\"@id\":\"https:\/\/crmvt.fr\/marseille\/#website\",\"url\":\"https:\/\/crmvt.fr\/marseille\/\",\"name\":\"CRMVT Sud\",\"description\":\"\",\"potentialAction\":[{\"@type\":\"SearchAction\",\"target\":{\"@type\":\"EntryPoint\",\"urlTemplate\":\"https:\/\/crmvt.fr\/marseille\/?s={search_term_string}\"},\"query-input\":\"required name=search_term_string\"}],\"inLanguage\":\"fr-FR\"},{\"@type\":\"WebPage\",\"@id\":\"https:\/\/crmvt.fr\/marseille\/#webpage\",\"url\":\"https:\/\/crmvt.fr\/marseille\/\",\"name\":\"Centre de R\u00e9f\u00e9rence des Maladies Vectorielles li\u00e9es aux Tiques\",\"isPartOf\":{\"@id\":\"https:\/\/crmvt.fr\/marseille\/#website\"},\"datePublished\":\"2021-10-22T12:12:21+00:00\",\"dateModified\":\"2023-06-13T11:34:01+00:00\",\"description\":\"Prise en charge des maladies vectorielles li\u00e9es aux tiques - CRMVT - Sud - Marseille\",\"breadcrumb\":{\"@id\":\"https:\/\/crmvt.fr\/marseille\/#breadcrumb\"},\"inLanguage\":\"fr-FR\",\"potentialAction\":[{\"@type\":\"ReadAction\",\"target\":[\"https:\/\/crmvt.fr\/marseille\/\"]}]},{\"@type\":\"BreadcrumbList\",\"@id\":\"https:\/\/crmvt.fr\/marseille\/#breadcrumb\",\"itemListElement\":[{\"@type\":\"ListItem\",\"position\":1,\"name\":\"Accueil\",\"item\":\"https:\/\/crmvt.fr\/marseille\/\"},{\"@type\":\"ListItem\",\"position\":2,\"name\":\"Accueil\"}]}]}<\/script>\n<!-- \/ Yoast SEO plugin. -->","yoast_head_json":{"title":"Centre de R\u00e9f\u00e9rence des Maladies Vectorielles li\u00e9es aux Tiques","description":"Prise en charge des maladies vectorielles li\u00e9es aux tiques - CRMVT - Sud - Marseille","robots":{"index":"index","follow":"follow","max-snippet":"max-snippet:-1","max-image-preview":"max-image-preview:large","max-video-preview":"max-video-preview:-1"},"canonical":"https:\/\/crmvt.fr\/marseille\/","og_locale":"fr_FR","og_type":"article","og_title":"Centre de R\u00e9f\u00e9rence des Maladies Vectorielles li\u00e9es aux Tiques","og_description":"Prise en charge des maladies vectorielles li\u00e9es aux tiques - CRMVT - Sud - Marseille","og_url":"https:\/\/crmvt.fr\/marseille\/","og_site_name":"CRMVT Sud","article_modified_time":"2023-06-13T11:34:01+00:00","twitter_card":"summary_large_image","schema":{"@context":"https:\/\/schema.org","@graph":[{"@type":"WebSite","@id":"https:\/\/crmvt.fr\/marseille\/#website","url":"https:\/\/crmvt.fr\/marseille\/","name":"CRMVT Sud","description":"","potentialAction":[{"@type":"SearchAction","target":{"@type":"EntryPoint","urlTemplate":"https:\/\/crmvt.fr\/marseille\/?s={search_term_string}"},"query-input":"required name=search_term_string"}],"inLanguage":"fr-FR"},{"@type":"WebPage","@id":"https:\/\/crmvt.fr\/marseille\/#webpage","url":"https:\/\/crmvt.fr\/marseille\/","name":"Centre de R\u00e9f\u00e9rence des Maladies Vectorielles li\u00e9es aux Tiques","isPartOf":{"@id":"https:\/\/crmvt.fr\/marseille\/#website"},"datePublished":"2021-10-22T12:12:21+00:00","dateModified":"2023-06-13T11:34:01+00:00","description":"Prise en charge des maladies vectorielles li\u00e9es aux tiques - CRMVT - Sud - Marseille","breadcrumb":{"@id":"https:\/\/crmvt.fr\/marseille\/#breadcrumb"},"inLanguage":"fr-FR","potentialAction":[{"@type":"ReadAction","target":["https:\/\/crmvt.fr\/marseille\/"]}]},{"@type":"BreadcrumbList","@id":"https:\/\/crmvt.fr\/marseille\/#breadcrumb","itemListElement":[{"@type":"ListItem","position":1,"name":"Accueil","item":"https:\/\/crmvt.fr\/marseille\/"},{"@type":"ListItem","position":2,"name":"Accueil"}]}]}},"_links":{"self":[{"href":"https:\/\/crmvt.fr\/marseille\/wp-json\/wp\/v2\/pages\/32"}],"collection":[{"href":"https:\/\/crmvt.fr\/marseille\/wp-json\/wp\/v2\/pages"}],"about":[{"href":"https:\/\/crmvt.fr\/marseille\/wp-json\/wp\/v2\/types\/page"}],"author":[{"embeddable":true,"href":"https:\/\/crmvt.fr\/marseille\/wp-json\/wp\/v2\/users\/1"}],"replies":[{"embeddable":true,"href":"https:\/\/crmvt.fr\/marseille\/wp-json\/wp\/v2\/comments?post=32"}],"version-history":[{"count":2,"href":"https:\/\/crmvt.fr\/marseille\/wp-json\/wp\/v2\/pages\/32\/revisions"}],"predecessor-version":[{"id":35,"href":"https:\/\/crmvt.fr\/marseille\/wp-json\/wp\/v2\/pages\/32\/revisions\/35"}],"wp:attachment":[{"href":"https:\/\/crmvt.fr\/marseille\/wp-json\/wp\/v2\/media?parent=32"}],"curies":[{"name":"wp","href":"https:\/\/api.w.org\/{rel}","templated":true}]}}